{"id":201,"date":"2019-11-01T15:57:16","date_gmt":"2019-11-01T14:57:16","guid":{"rendered":"https:\/\/www.basmel.es\/control-embrague-freno\/"},"modified":"2020-06-23T13:39:40","modified_gmt":"2020-06-23T11:39:40","slug":"control-electronic-per-pesadora-multicapcal","status":"publish","type":"page","link":"https:\/\/www.basmel.es\/ca\/control-electronic-per-pesadora-multicapcal\/","title":{"rendered":"CONTROL ELECTR\u00d2NIC PER PESADORA MULTICAP\u00c7AL"},"content":{"rendered":"<div class=\"wpb-content-wrapper\"><p>[vc_row css_animation=&#8221;element_from_fade&#8221; row_type=&#8221;row&#8221; use_row_as_full_screen_section=&#8221;no&#8221; type=&#8221;grid&#8221; angled_section=&#8221;no&#8221; text_align=&#8221;left&#8221; background_image_as_pattern=&#8221;without_pattern&#8221; z_index=&#8221;&#8221; el_class=&#8221;row_sep_producto_first&#8221;][vc_column][vc_column_text el_class=&#8221;section_title_producto&#8221;]<\/p>\n<h1 class=\"p1\"><span class=\"s1\">CONTROL ELECTR\u00d2NIC PER PESADORA MULTICAP\u00c7AL<\/span><\/h1>\n<h4 class=\"p1\"><\/h4>\n<p>[\/vc_column_text][\/vc_column][\/vc_row][vc_row css_animation=&#8221;element_from_fade&#8221; row_type=&#8221;row&#8221; use_row_as_full_screen_section=&#8221;no&#8221; type=&#8221;grid&#8221; angled_section=&#8221;no&#8221; text_align=&#8221;left&#8221; background_image_as_pattern=&#8221;without_pattern&#8221; z_index=&#8221;&#8221; el_class=&#8221;row_sep_producto_last&#8221;][vc_column][vc_column_text]Dosificaci\u00f3 mitjan\u00e7ant recerca de combinaci\u00f3 de pesades.<\/p>\n<p>Previst per a m\u00e0quines dotades de m\u00faltiples unitats de pesatge.<\/p>\n<p>M\u00e0quina 10 cap\u00e7als<\/p>\n<p>M\u00e0quina 12 cap\u00e7als<\/p>\n<p>M\u00e0quina 14 cap\u00e7als<\/p>\n<p>M\u00e0quina 16 cap\u00e7als<\/p>\n<p>Sistema d&#8217;arxiu capa\u00e7 de memoritzar fins a 80 programes diferents.<\/p>\n<p>Control electr\u00f2nic adaptat i compatible amb pesadoras Multicabezales amb motors pas a pas procedents de la Xina.[\/vc_column_text][vc_column_text el_class=&#8221;btn_product_more_info&#8221;]M\u00e9s informaci\u00f3[\/vc_column_text][vc_column_text el_class=&#8221;product_more_info&#8221;]Dosificaci\u00f3 mitjan\u00e7ant recerca de combinaci\u00f3 de pesades per a l&#8217;obtenci\u00f3 de l&#8217;pes correcte dins de les toler\u00e0ncies establertes.<\/p>\n<p>Previst per a m\u00e0quines dotades de m\u00faltiples unitats de pesatge.<\/p>\n<p>M\u00e0quina 10 cap\u00e7als: 1.024 combinacions<\/p>\n<p>M\u00e0quina 12 cap\u00e7als: 4.096 combinacions<\/p>\n<p>M\u00e0quina 14 cap\u00e7als: 16.384 combinacions<\/p>\n<p>M\u00e0quina 16 cap\u00e7als: 65.536 combinacions<\/p>\n<p>Vibrador central encarregat de l&#8217;subministrament de producte a les unitats de pesatge, prove\u00efdes cadascuna de canal vibrant, cubeta d&#8217;acumulaci\u00f3 i cubeta de pesatge.<\/p>\n<p>Desc\u00e0rrega en bol central de combinaci\u00f3 seleccionada<\/p>\n<p>Funcionament aut\u00f2nom de cada unitat de pesada, disposant sempre de producte dosificat i preparat per entrar en combinaci\u00f3.<\/p>\n<p>Control electr\u00f2nic encarregat d&#8217;accionament de vibradors, obertura i tancament de cubetes, recerca de combinacions i sincronitzaci\u00f3 amb envasadora<\/p>\n<p>Terminal interactiu per a programaci\u00f3 i seguiment de producci\u00f3, permetent establir pot\u00e8ncies i temps de marxa de vibradors, temps d&#8217;obertura de cubetes i de tr\u00e0nsit de producte i estabilitzaci\u00f3 de pes previ a la pesada, sistema de prioritats i desbloqueig impedint la inactivitat de qualsevol canal durant un nombre excessiu de cicles.<\/p>\n<p>Selecci\u00f3 de desc\u00e0rrega esglaonada de cubetes en combinaci\u00f3, evitant el bloqueig de caiguda de producte a l&#8217;envasadora.<\/p>\n<p>Permet efectuar un paquet realitzant diverses desc\u00e0rregues, programant pes final i nombre de desc\u00e0rregues desitjades. L&#8217;equip ajusta el pes nominal en l&#8217;\u00faltima desc\u00e0rrega.<\/p>\n<p>Funcionament com a m\u00e0ster o com a slave pel que fa a l&#8217;envasadora, disposant de maneres de funcionament auxiliars (test) per a proves i posada a punt de la m\u00e0quina (ajust individual de cada unitat de pesada, posada a zero &#8230; etc.).<\/p>\n<p>Pantalles de visualitzaci\u00f3 de seguiment de producci\u00f3: pes preparat per envasadora, pesos registrats en cubetes de pesatge, combinacions llistes per seg\u00fcent dosificaci\u00f3, estat de vibradors i electrov\u00e0lvules d&#8217;accionament de trapes de cubetes, cubetes en prioritat de desc\u00e0rrega entre d&#8217;altres, aix\u00ed com pesos registrats a les 100 \u00faltimes pesades i dades estad\u00edstiques (pes m\u00ednim, mitj\u00e0 i m\u00e0xim. Nombre de desc\u00e0rregues en l&#8217;\u00faltim minut, total de desc\u00e0rregues i total en kg.).<\/p>\n<p>Connexi\u00f3 a impressora o PC per a l&#8217;obtenci\u00f3 d&#8217;informes<\/p>\n<p>Aquest sistema disposa d&#8217;arxiu capa\u00e7 de memoritzar fins a 80 programes diferents de par\u00e0metres d&#8217;ajust i configuraci\u00f3 de m\u00e0quina el que permet canvis r\u00e0pids de confecci\u00f3, podent nomenar i guardar cada un d&#8217;ells.<\/p>\n<p>Selecci\u00f3 d&#8217;idiomes: Espanyol, Angl\u00e8s, Franc\u00e8s o Alemany<\/p>\n<p>Control electr\u00f2nic adaptat i compatible amb pesadoras Multicabezales amb motors pas a pas procedents de la Xina.[\/vc_column_text][vc_separator type=&#8221;transparent&#8221; up=&#8221;30&#8243;][vc_separator type=&#8221;transparent&#8221; up=&#8221;30&#8243;][\/vc_column][\/vc_row][vc_row css_animation=&#8221;element_from_fade&#8221; row_type=&#8221;row&#8221; use_row_as_full_screen_section=&#8221;no&#8221; type=&#8221;grid&#8221; angled_section=&#8221;no&#8221; text_align=&#8221;left&#8221; background_image_as_pattern=&#8221;without_pattern&#8221; el_class=&#8221;row_mas_info&#8221; z_index=&#8221;&#8221;][vc_column][vc_column_text]<\/p>\n<p class=\"p1\"><span class=\"s1\">Si desitja m\u00e9s informaci\u00f3, <\/span><a href=\"https:\/\/www.basmel.es\/contacto\/\"><span class=\"s2\">contacti amb nosaltres<\/span><\/a><\/p>\n<p>[\/vc_column_text][\/vc_column][\/vc_row]<\/p>\n<\/div>","protected":false},"excerpt":{"rendered":"<p>[vc_row css_animation=&#8221;element_from_fade&#8221; row_type=&#8221;row&#8221; use_row_as_full_screen_section=&#8221;no&#8221; type=&#8221;grid&#8221; angled_section=&#8221;no&#8221; text_align=&#8221;left&#8221; background_image_as_pattern=&#8221;without_pattern&#8221; z_index=&#8221;&#8221; el_class=&#8221;row_sep_producto_first&#8221;][vc_column][vc_column_text el_class=&#8221;section_title_producto&#8221;] CONTROL ELECTR\u00d2NIC PER PESADORA MULTICAP\u00c7AL [\/vc_column_text][\/vc_column][\/vc_row][vc_row css_animation=&#8221;element_from_fade&#8221; row_type=&#8221;row&#8221; use_row_as_full_screen_section=&#8221;no&#8221; type=&#8221;grid&#8221; angled_section=&#8221;no&#8221; text_align=&#8221;left&#8221; background_image_as_pattern=&#8221;without_pattern&#8221; z_index=&#8221;&#8221; el_class=&#8221;row_sep_producto_last&#8221;][vc_column][vc_column_text]Dosificaci\u00f3 mitjan\u00e7ant recerca de combinaci\u00f3 de pesades. Previst per a m\u00e0quines dotades de m\u00faltiples unitats de pesatge. M\u00e0quina 10 cap\u00e7als&#8230;<\/p>\n","protected":false},"author":1,"featured_media":0,"parent":0,"menu_order":0,"comment_status":"closed","ping_status":"closed","template":"full_width.php","meta":{"footnotes":""},"class_list":["post-201","page","type-page","status-publish","hentry"],"_links":{"self":[{"href":"https:\/\/www.basmel.es\/ca\/wp-json\/wp\/v2\/pages\/201","targetHints":{"allow":["GET"]}}],"collection":[{"href":"https:\/\/www.basmel.es\/ca\/wp-json\/wp\/v2\/pages"}],"about":[{"href":"https:\/\/www.basmel.es\/ca\/wp-json\/wp\/v2\/types\/page"}],"author":[{"embeddable":true,"href":"https:\/\/www.basmel.es\/ca\/wp-json\/wp\/v2\/users\/1"}],"replies":[{"embeddable":true,"href":"https:\/\/www.basmel.es\/ca\/wp-json\/wp\/v2\/comments?post=201"}],"version-history":[{"count":6,"href":"https:\/\/www.basmel.es\/ca\/wp-json\/wp\/v2\/pages\/201\/revisions"}],"predecessor-version":[{"id":667,"href":"https:\/\/www.basmel.es\/ca\/wp-json\/wp\/v2\/pages\/201\/revisions\/667"}],"wp:attachment":[{"href":"https:\/\/www.basmel.es\/ca\/wp-json\/wp\/v2\/media?parent=201"}],"curies":[{"name":"wp","href":"https:\/\/api.w.org\/{rel}","templated":true}]}}