{"id":213,"date":"2019-11-01T15:58:13","date_gmt":"2019-11-01T14:58:13","guid":{"rendered":"https:\/\/www.basmel.es\/control-peso\/"},"modified":"2020-06-23T13:54:09","modified_gmt":"2020-06-23T11:54:09","slug":"envasadora-vertical","status":"publish","type":"page","link":"https:\/\/www.basmel.es\/ca\/envasadora-vertical\/","title":{"rendered":"ENVASADORA VERTICAL"},"content":{"rendered":"<div class=\"wpb-content-wrapper\"><p>[vc_row css_animation=&#8221;element_from_fade&#8221; row_type=&#8221;row&#8221; use_row_as_full_screen_section=&#8221;no&#8221; type=&#8221;grid&#8221; angled_section=&#8221;no&#8221; text_align=&#8221;left&#8221; background_image_as_pattern=&#8221;without_pattern&#8221; z_index=&#8221;&#8221; el_class=&#8221;row_sep_producto_first&#8221;][vc_column][vc_column_text el_class=&#8221;section_title_producto&#8221;]<\/p>\n<h1 class=\"p1\"><span class=\"s1\">ENVASADORA VERTICAL<\/span><\/h1>\n<h4 class=\"p1\"><span class=\"s1\">CONTROL PER M\u00c0QUINA VERTICAL \/ CONTROLADA PER GRAUS (ENCODER) O PER TEMPS<\/span><\/h4>\n<p>[\/vc_column_text][\/vc_column][\/vc_row][vc_row css_animation=&#8221;element_from_fade&#8221; row_type=&#8221;row&#8221; use_row_as_full_screen_section=&#8221;no&#8221; type=&#8221;grid&#8221; angled_section=&#8221;no&#8221; text_align=&#8221;left&#8221; background_image_as_pattern=&#8221;without_pattern&#8221; z_index=&#8221;&#8221; el_class=&#8221;row_sep_producto_last&#8221;][vc_column][vc_column_text]Equip electr\u00f2nic per a control d&#8217;envasadora.<\/p>\n<p>Funcions sincronitzades per la posici\u00f3 en graus de la m\u00e0quina (encoder o detector sobre roda dentada) o per temps (pneum\u00e0tica).<\/p>\n<p>Opcions de treball:<br \/>\n&#8211; Calefacci\u00f3 per calor constant o impulsos.<br \/>\n&#8211; Sincronisme amb pesadora, dosificador volum\u00e8tric o sens fi.<br \/>\n&#8211; Llarg de borsa per spot o per graus de m\u00e0quina.<\/p>\n<p>Visualitzaci\u00f3 de dades de programaci\u00f3 i treball mitjan\u00e7ant pantalla LCD de 30 l\u00ednies (40 car\u00e0cters \/ l\u00ednia).<\/p>\n<p>Tecles directes amb s\u00edmbols representatius d&#8217;opcions principals i selecci\u00f3 de funcionament.<\/p>\n<p>Introducci\u00f3 i selecci\u00f3 de dades via teclat.<\/p>\n<p>Programaci\u00f3 de par\u00e0metres interns per mitj\u00e0 de clau.<\/p>\n<p>Permet treballar de forma manual (polsos), semiautom\u00e0tic (un cicle) o autom\u00e0tic.<\/p>\n<p>Comandaments exteriors de Marxa, atur, selecci\u00f3 de transport i producte (En pantalla t\u00e0ctil es seleccionen per pantalla) Per a la resta de funcions, selecci\u00f3 per pantalla.<\/p>\n<p>Comprovaci\u00f3 o test per a la localitzaci\u00f3 de fallida \/ avaria d&#8217;elements d&#8217;entrada (detectors, encoder, etc.) i de sortida (electrov\u00e0lvules, motor, etc.)<\/p>\n<p>Detecci\u00f3 d&#8217;alarma amb atur de m\u00e0quina i indicaci\u00f3 de tipus d&#8217;alarma<\/p>\n<p>Programaci\u00f3 de velocitat de m\u00e0quina<\/p>\n<p>Totalitzador de paquets efectuats<\/p>\n<p>Capacitat de mem\u00f2ria per a 10 productes<\/p>\n<p>Control de funcions de m\u00e0quina:<br \/>\n&#8211; Sortida anal\u00f2gica per variador de freq\u00fc\u00e8ncia del motor principal<br \/>\n&#8211; Sortida anal\u00f2gica per variador de freq\u00fc\u00e8ncia del motor d&#8217;arrossegament<br \/>\n&#8211; Soldador vertical, transport, clapet, plec, fulla, corretges, alimentaci\u00f3 dosificador, cinta de sortida, marcador, etc.<br \/>\n&#8211; Selecci\u00f3 de sortides auxiliars.<br \/>\n&#8211; Selecci\u00f3 per treballar amb motor arrossegament a velocitat fixa.<br \/>\n&#8211; Control de calefacci\u00f3 constant per sonda termoparell, per soldadors horitzontal, vertical i marcador.<br \/>\n&#8211; Control de calefacci\u00f3 per impulsos per soldadors horitzontal i vertical.<\/p>\n<p>Control de dosificador volum\u00e8tric<\/p>\n<p>Control de dosificador sense fi, programant nombre de polsos.<\/p>\n<p>Correcci\u00f3 de Feedback per a volum\u00e8tric o sens fi en funci\u00f3 de senyal exterior procedent de controladora.<\/p>\n<p>Selecci\u00f3 d&#8217;idiomes Espanyol, Angl\u00e8s o Franc\u00e8s.<\/p>\n<p>Es subministra en kit, sense caixa.<\/p>\n<p>Composici\u00f3: circuit electr\u00f2nic, transformador, connectors i filtre de xarxa, amb pantalla t\u00e0ctil.<\/p>\n<p>Preparat per a la seva instal\u00b7laci\u00f3 en armari de cablejat de m\u00e0quina.[\/vc_column_text][vc_separator type=&#8221;transparent&#8221; up=&#8221;30&#8243;][vc_separator type=&#8221;transparent&#8221; up=&#8221;30&#8243;][\/vc_column][\/vc_row][vc_row css_animation=&#8221;element_from_fade&#8221; row_type=&#8221;row&#8221; use_row_as_full_screen_section=&#8221;no&#8221; type=&#8221;grid&#8221; angled_section=&#8221;no&#8221; text_align=&#8221;left&#8221; background_image_as_pattern=&#8221;without_pattern&#8221; el_class=&#8221;row_mas_info&#8221; z_index=&#8221;&#8221;][vc_column][vc_column_text]<\/p>\n<p class=\"p1\"><span class=\"s1\">Si desitja m\u00e9s informaci\u00f3, <\/span><a href=\"https:\/\/www.basmel.es\/ca\/contacte\/\"><span class=\"s2\">contacti amb nosaltres<\/span><\/a><\/p>\n<p>[\/vc_column_text][\/vc_column][\/vc_row]<\/p>\n<\/div>","protected":false},"excerpt":{"rendered":"<p>[vc_row css_animation=&#8221;element_from_fade&#8221; row_type=&#8221;row&#8221; use_row_as_full_screen_section=&#8221;no&#8221; type=&#8221;grid&#8221; angled_section=&#8221;no&#8221; text_align=&#8221;left&#8221; background_image_as_pattern=&#8221;without_pattern&#8221; z_index=&#8221;&#8221; el_class=&#8221;row_sep_producto_first&#8221;][vc_column][vc_column_text el_class=&#8221;section_title_producto&#8221;] ENVASADORA VERTICAL CONTROL PER M\u00c0QUINA VERTICAL \/ CONTROLADA PER GRAUS (ENCODER) O PER TEMPS [\/vc_column_text][\/vc_column][\/vc_row][vc_row css_animation=&#8221;element_from_fade&#8221; row_type=&#8221;row&#8221; use_row_as_full_screen_section=&#8221;no&#8221; type=&#8221;grid&#8221; angled_section=&#8221;no&#8221; text_align=&#8221;left&#8221; background_image_as_pattern=&#8221;without_pattern&#8221; z_index=&#8221;&#8221; el_class=&#8221;row_sep_producto_last&#8221;][vc_column][vc_column_text]Equip electr\u00f2nic per a control d&#8217;envasadora. Funcions sincronitzades per la posici\u00f3&#8230;<\/p>\n","protected":false},"author":1,"featured_media":0,"parent":0,"menu_order":0,"comment_status":"closed","ping_status":"closed","template":"full_width.php","meta":{"footnotes":""},"class_list":["post-213","page","type-page","status-publish","hentry"],"_links":{"self":[{"href":"https:\/\/www.basmel.es\/ca\/wp-json\/wp\/v2\/pages\/213","targetHints":{"allow":["GET"]}}],"collection":[{"href":"https:\/\/www.basmel.es\/ca\/wp-json\/wp\/v2\/pages"}],"about":[{"href":"https:\/\/www.basmel.es\/ca\/wp-json\/wp\/v2\/types\/page"}],"author":[{"embeddable":true,"href":"https:\/\/www.basmel.es\/ca\/wp-json\/wp\/v2\/users\/1"}],"replies":[{"embeddable":true,"href":"https:\/\/www.basmel.es\/ca\/wp-json\/wp\/v2\/comments?post=213"}],"version-history":[{"count":6,"href":"https:\/\/www.basmel.es\/ca\/wp-json\/wp\/v2\/pages\/213\/revisions"}],"predecessor-version":[{"id":681,"href":"https:\/\/www.basmel.es\/ca\/wp-json\/wp\/v2\/pages\/213\/revisions\/681"}],"wp:attachment":[{"href":"https:\/\/www.basmel.es\/ca\/wp-json\/wp\/v2\/media?parent=213"}],"curies":[{"name":"wp","href":"https:\/\/api.w.org\/{rel}","templated":true}]}}