{"id":217,"date":"2019-11-01T15:57:44","date_gmt":"2019-11-01T14:57:44","guid":{"rendered":"https:\/\/www.basmel.es\/control-vibradores\/"},"modified":"2020-06-23T13:39:53","modified_gmt":"2020-06-23T11:39:53","slug":"modul-de-pesatge-ps-22615a","status":"publish","type":"page","link":"https:\/\/www.basmel.es\/ca\/modul-de-pesatge-ps-22615a\/","title":{"rendered":"M\u00d2DUL DE PESATGE PS-22615A"},"content":{"rendered":"<div class=\"wpb-content-wrapper\"><p>[vc_row css_animation=&#8221;element_from_fade&#8221; row_type=&#8221;row&#8221; use_row_as_full_screen_section=&#8221;no&#8221; type=&#8221;grid&#8221; angled_section=&#8221;no&#8221; text_align=&#8221;left&#8221; background_image_as_pattern=&#8221;without_pattern&#8221; z_index=&#8221;&#8221; el_class=&#8221;row_sep_producto_first&#8221;][vc_column][vc_column_text el_class=&#8221;section_title_producto&#8221;]<\/p>\n<h1 class=\"p1\"><span class=\"s1\">M\u00d2DUL DE PESATGE PS-22615A<\/span><\/h1>\n<h4 class=\"p1\"><\/h4>\n<p>[\/vc_column_text][vc_separator type=&#8221;transparent&#8221; up=&#8221;50&#8243;][\/vc_column][\/vc_row][vc_row css_animation=&#8221;element_from_fade&#8221; row_type=&#8221;row&#8221; use_row_as_full_screen_section=&#8221;no&#8221; type=&#8221;grid&#8221; angled_section=&#8221;no&#8221; text_align=&#8221;left&#8221; background_image_as_pattern=&#8221;without_pattern&#8221; z_index=&#8221;&#8221; el_class=&#8221;row_sep_producto_last&#8221;][vc_column width=&#8221;2\/3&#8243;][vc_column_text]Control de sistema de pesatge activant sortides d&#8217;gruixut, afinat, buidatge i pesada llista.<\/p>\n<p>Entrada de marxa-atur.<\/p>\n<p>Senyal de desc\u00e0rrega.<\/p>\n<p>Comunicaci\u00f3 mitjan\u00e7ant port RS485, protocol MODBUS RTU. Connexi\u00f3 a terminal per a visualitzaci\u00f3 i entrada de dades, pantalla t\u00e0ctil, PLC etc.<\/p>\n<p>Par\u00e0metres a programar: pes a dosificar, valor de afinat i cua, nombre de vegades a efectuar autocero, temps de buidatge, tancament i estabilitzaci\u00f3 de pes.<\/p>\n<p>Ajust per a qualsevol capacitat de c\u00e8l\u00b7lula introduint el valor de pes patr\u00f3.<\/p>\n<p>Selecci\u00f3 de fracci\u00f3 en grams per a la visualitzaci\u00f3.<\/p>\n<p>Funcionament:<\/p>\n<p>A partir del senyal de marxa sigui per entrada exterior o port de comunicacions, connecta la sortida de gruix i la d&#8217;afinat, al arribar a la valor de pes d&#8217;afinat, desconnecta la sortida de gruix i al arribar al pes final, desconnecta la d&#8217;afinat. Actua sortida de pesada llista i espera senyal de desc\u00e0rrega. Es connecta la sortida de buidatge durant el temps programat, compta el temps de tancament i inicia un altre cicle realitzant autocero segons par\u00e0metres establerts.<\/p>\n<p>Tot el sistema pot ser controlat pel port de comunicacions encara que a l&#8217;disposar directament de sortides de control de pesada, ens permet reaccionar de forma r\u00e0pida perqu\u00e8 aquesta sigui necess\u00e0ria sense dependre de les comunicacions<\/p>\n<p>Dissenyat per a la seva col\u00b7locaci\u00f3 en carril DIN<\/p>\n<p>Alimentaci\u00f3 a 24v DC<br \/>\n[\/vc_column_text][vc_separator type=&#8221;transparent&#8221; up=&#8221;30&#8243;][\/vc_column][vc_column width=&#8221;1\/3&#8243;][vc_single_image image=&#8221;487&#8243; img_size=&#8221;full&#8221; onclick=&#8221;link_image&#8221; qode_css_animation=&#8221;&#8221;][vc_separator type=&#8221;transparent&#8221; up=&#8221;30&#8243;][\/vc_column][\/vc_row][vc_row css_animation=&#8221;element_from_fade&#8221; row_type=&#8221;row&#8221; use_row_as_full_screen_section=&#8221;no&#8221; type=&#8221;grid&#8221; angled_section=&#8221;no&#8221; text_align=&#8221;left&#8221; background_image_as_pattern=&#8221;without_pattern&#8221; el_class=&#8221;row_mas_info&#8221; z_index=&#8221;&#8221;][vc_column][vc_column_text]<span class=\"s1\">Si desitja m\u00e9s informaci\u00f3, <\/span><a href=\"https:\/\/www.basmel.es\/contacto\/\"><span class=\"s2\">contacti amb nosaltres<\/span><\/a>[\/vc_column_text][\/vc_column][\/vc_row]<\/p>\n<\/div>","protected":false},"excerpt":{"rendered":"<p>[vc_row css_animation=&#8221;element_from_fade&#8221; row_type=&#8221;row&#8221; use_row_as_full_screen_section=&#8221;no&#8221; type=&#8221;grid&#8221; angled_section=&#8221;no&#8221; text_align=&#8221;left&#8221; background_image_as_pattern=&#8221;without_pattern&#8221; z_index=&#8221;&#8221; el_class=&#8221;row_sep_producto_first&#8221;][vc_column][vc_column_text el_class=&#8221;section_title_producto&#8221;] M\u00d2DUL DE PESATGE PS-22615A [\/vc_column_text][vc_separator type=&#8221;transparent&#8221; up=&#8221;50&#8243;][\/vc_column][\/vc_row][vc_row css_animation=&#8221;element_from_fade&#8221; row_type=&#8221;row&#8221; use_row_as_full_screen_section=&#8221;no&#8221; type=&#8221;grid&#8221; angled_section=&#8221;no&#8221; text_align=&#8221;left&#8221; background_image_as_pattern=&#8221;without_pattern&#8221; z_index=&#8221;&#8221; el_class=&#8221;row_sep_producto_last&#8221;][vc_column width=&#8221;2\/3&#8243;][vc_column_text]Control de sistema de pesatge activant sortides d&#8217;gruixut, afinat, buidatge i pesada llista. Entrada de marxa-atur. Senyal de&#8230;<\/p>\n","protected":false},"author":1,"featured_media":0,"parent":0,"menu_order":0,"comment_status":"closed","ping_status":"closed","template":"full_width.php","meta":{"footnotes":""},"class_list":["post-217","page","type-page","status-publish","hentry"],"_links":{"self":[{"href":"https:\/\/www.basmel.es\/ca\/wp-json\/wp\/v2\/pages\/217","targetHints":{"allow":["GET"]}}],"collection":[{"href":"https:\/\/www.basmel.es\/ca\/wp-json\/wp\/v2\/pages"}],"about":[{"href":"https:\/\/www.basmel.es\/ca\/wp-json\/wp\/v2\/types\/page"}],"author":[{"embeddable":true,"href":"https:\/\/www.basmel.es\/ca\/wp-json\/wp\/v2\/users\/1"}],"replies":[{"embeddable":true,"href":"https:\/\/www.basmel.es\/ca\/wp-json\/wp\/v2\/comments?post=217"}],"version-history":[{"count":6,"href":"https:\/\/www.basmel.es\/ca\/wp-json\/wp\/v2\/pages\/217\/revisions"}],"predecessor-version":[{"id":668,"href":"https:\/\/www.basmel.es\/ca\/wp-json\/wp\/v2\/pages\/217\/revisions\/668"}],"wp:attachment":[{"href":"https:\/\/www.basmel.es\/ca\/wp-json\/wp\/v2\/media?parent=217"}],"curies":[{"name":"wp","href":"https:\/\/api.w.org\/{rel}","templated":true}]}}