{"id":229,"date":"2019-10-30T22:32:29","date_gmt":"2019-10-30T21:32:29","guid":{"rendered":"https:\/\/www.basmel.es\/inicio\/"},"modified":"2020-06-25T09:59:50","modified_gmt":"2020-06-25T07:59:50","slug":"inicio","status":"publish","type":"page","link":"https:\/\/www.basmel.es\/ca\/","title":{"rendered":"Inici"},"content":{"rendered":"<div class=\"wpb-content-wrapper\"><p>[vc_row css_animation=&#8221;element_from_fade&#8221; row_type=&#8221;row&#8221; use_row_as_full_screen_section=&#8221;no&#8221; type=&#8221;grid&#8221; angled_section=&#8221;no&#8221; text_align=&#8221;left&#8221; background_image_as_pattern=&#8221;without_pattern&#8221; el_class=&#8221;home_teasers&#8221; z_index=&#8221;&#8221;][vc_column width=&#8221;1\/4&#8243;]<div class=\"image_with_text\"><img decoding=\"async\" itemprop=\"image\" src=\"https:\/\/www.basmel.es\/wp-content\/uploads\/2019\/11\/icon1-1.png\" alt=\"\" \/><h3  class=\"image_with_text_title\"><\/h3><span style=\"margin: 6px 0px;\" class=\"separator transparent\"><\/span><\/p>\n<p class=\"p1\"><span class=\"s1\">ASSESSORAMENT I SOLUCIONS INNOVADORES PER QUALSEVOL TIPUS DE REQUERIMENT<\/span><\/p>\n<p><\/div>[\/vc_column][vc_column width=&#8221;1\/4&#8243;]<div class=\"image_with_text\"><img decoding=\"async\" itemprop=\"image\" src=\"https:\/\/www.basmel.es\/wp-content\/uploads\/2019\/11\/icon2-1.png\" alt=\"\" \/><h3  class=\"image_with_text_title\"><\/h3><span style=\"margin: 6px 0px;\" class=\"separator transparent\"><\/span><\/p>\n<p class=\"p1\"><span class=\"s1\">DESENVOLUPAMENT DE LA DOCUMENTACI\u00d3 D\u2019\u00daS INTERN PER GARANTITZAR LA TRA\u00c7ABILITAT DELS NOSTRES EQUIPS.<\/span><span class=\"s2\">.<\/span><\/p>\n<p><\/div>[\/vc_column][vc_column width=&#8221;1\/4&#8243;]<div class=\"image_with_text\"><img decoding=\"async\" itemprop=\"image\" src=\"https:\/\/www.basmel.es\/wp-content\/uploads\/2019\/11\/icon3-1.png\" alt=\"\" \/><h3  class=\"image_with_text_title\"><\/h3><span style=\"margin: 6px 0px;\" class=\"separator transparent\"><\/span><\/p>\n<p class=\"p1\"><span class=\"s1\">MUNTATGE I VERIFICACI\u00d3 COMPLETA DELS EQUIPS , PER ASSEGURAR UNA TOTAL FIABILITAT.<\/span><\/p>\n<p><\/div>[\/vc_column][vc_column width=&#8221;1\/4&#8243;]<div class=\"image_with_text\"><img decoding=\"async\" itemprop=\"image\" src=\"https:\/\/www.basmel.es\/wp-content\/uploads\/2019\/11\/icon4-1.png\" alt=\"\" \/><h3  class=\"image_with_text_title\"><\/h3><span style=\"margin: 6px 0px;\" class=\"separator transparent\"><\/span><\/p>\n<p class=\"p1\"><span class=\"s1\">ASSIST\u00c8NCIA T\u00c8CNICA CONTINUADA DELS EQUIPS FABRICATS PER ALS NOSTRES CLIENTS<\/span><\/p>\n<p><\/div>[\/vc_column][\/vc_row][vc_row css_animation=&#8221;element_from_fade&#8221; row_type=&#8221;row&#8221; use_row_as_full_screen_section=&#8221;no&#8221; type=&#8221;grid&#8221; angled_section=&#8221;no&#8221; text_align=&#8221;left&#8221; background_image_as_pattern=&#8221;without_pattern&#8221; z_index=&#8221;&#8221; el_class=&#8221;row_sep&#8221;][vc_column width=&#8221;1\/3&#8243;][vc_column_text el_class=&#8221;section_title small&#8221;]<\/p>\n<h1 class=\"p1\"><span class=\"s1\">BASMEL, EXPERTS EN ELECTR\u00d2NICA I PESATGE INDUSTRIAL<\/span><\/h1>\n<p>[\/vc_column_text][vc_column_text el_class=&#8221;home_intro&#8221;]<strong>Basmel<\/strong> des de 1972, dissenyem i fabriquem equips electr\u00f2nics industrials, especialitzats en pesatge industrial.<\/p>\n<p>El nostre prop\u00f2sit \u00e9s trobar solucions electr\u00f2niques, potenciant TECNOLOGIA, QUALITAT, FLEXIBILITAT I COL\u00b7LABORACI\u00d3 AMB EL CLIENT.<\/p>\n<p><strong>BASMEL, EXPERTS EN ELECTR\u00d2NICA I PESATGE INDUSTRIAL<\/strong>[\/vc_column_text]<a  itemprop=\"url\" href=\"https:\/\/www.basmel.es\/ca\/empresa\/\" target=\"_self\"  class=\"qbutton  default\" style=\"\">Veure m\u00e9s<\/a>[vc_separator type=&#8221;transparent&#8221; up=&#8221;30&#8243;][\/vc_column][vc_column width=&#8221;2\/3&#8243; el_class=&#8221;productos_destacados&#8221;][vc_column_text el_class=&#8221;home_productos_title&#8221; css=&#8221;.vc_custom_1593070758681{padding-bottom: 40px !important;}&#8221;]<\/p>\n<h2 class=\"p1\"><span class=\"s1\">ELS NOSTRES PRODUCTES DESTACATS<\/span><\/h2>\n<p>[\/vc_column_text][vc_row_inner row_type=&#8221;row&#8221; type=&#8221;full_width&#8221; text_align=&#8221;left&#8221; css_animation=&#8221;&#8221;][vc_column_inner el_class=&#8221;producto&#8221; width=&#8221;1\/2&#8243;][vc_column_text css=&#8221;.vc_custom_1593071988358{padding-bottom: 40px !important;}&#8221;]<strong>DESENVOLUPEM EQUIPS ELECTR\u00d2NICS PER PROCESSOS INDUSTRIALS. OFERIM SOLUCIONS INNOVADORES PER A QUALSEVOL TIPUS DE REQUERIMENT, REALITZANT TANT DISSENY DE HARDWARE COM SOFTWARE<\/strong>[\/vc_column_text][vc_column_text css=&#8221;.vc_custom_1593070836608{padding-bottom: 10px !important;}&#8221;]<\/p>\n<p class=\"p1\"><a href=\"https:\/\/www.basmel.es\/ca\/control-per-a-pesadores-automatiques\/\"><span class=\"s1\">CONTROL PER PESADORES <\/span><span class=\"s1\">AUTOM\u00c0TIQUES<\/span><\/a><\/p>\n<p>[\/vc_column_text][vc_column_text css=&#8221;.vc_custom_1593070872196{padding-bottom: 10px !important;}&#8221;]<a href=\"https:\/\/www.basmel.es\/ca\/control-electronic-per-pesadora-multicapcal\/\">MULTICAP\u00c7ALS<\/a>[\/vc_column_text][vc_column_text css=&#8221;.vc_custom_1593070889800{padding-bottom: 10px !important;}&#8221;]<a href=\"https:\/\/www.basmel.es\/ca\/control-motor-corrent-continu\/\">CONTROL MOTOR<\/a>[\/vc_column_text][vc_column_text]<a href=\"https:\/\/www.basmel.es\/ca\/controladora-de-pes\/\">CONTROL PES<\/a>[\/vc_column_text][\/vc_column_inner][vc_column_inner el_class=&#8221;producto&#8221; width=&#8221;1\/2&#8243;][vc_single_image image=&#8221;613&#8243; img_size=&#8221;full&#8221; onclick=&#8221;custom_link&#8221; qode_css_animation=&#8221;&#8221; link=&#8221;https:\/\/www.basmel.es\/multicabezales\/&#8221;][vc_single_image image=&#8221;616&#8243; img_size=&#8221;full&#8221; onclick=&#8221;custom_link&#8221; qode_css_animation=&#8221;&#8221; link=&#8221;https:\/\/www.basmel.es\/multicabezales\/&#8221;][\/vc_column_inner][\/vc_row_inner][vc_row_inner row_type=&#8221;row&#8221; type=&#8221;full_width&#8221; text_align=&#8221;left&#8221; css_animation=&#8221;&#8221;][vc_column_inner][\/vc_column_inner][\/vc_row_inner][vc_separator type=&#8221;transparent&#8221; up=&#8221;30&#8243;][\/vc_column][\/vc_row][vc_row css_animation=&#8221;element_from_fade&#8221; row_type=&#8221;row&#8221; use_row_as_full_screen_section=&#8221;no&#8221; type=&#8221;grid&#8221; angled_section=&#8221;no&#8221; text_align=&#8221;left&#8221; background_image_as_pattern=&#8221;without_pattern&#8221; el_class=&#8221;row_mas_info&#8221; z_index=&#8221;&#8221;][vc_column][vc_column_text]<\/p>\n<p class=\"p1\"><span class=\"s1\">Si desitja m\u00e9s informaci\u00f3, <\/span><a href=\"https:\/\/www.basmel.es\/ca\/contacte\/\"><span class=\"s2\">contacti amb nosaltres<\/span><\/a><\/p>\n<p>[\/vc_column_text][\/vc_column][\/vc_row]<\/p>\n<\/div>","protected":false},"excerpt":{"rendered":"<p>[vc_row css_animation=&#8221;element_from_fade&#8221; row_type=&#8221;row&#8221; use_row_as_full_screen_section=&#8221;no&#8221; type=&#8221;grid&#8221; angled_section=&#8221;no&#8221; text_align=&#8221;left&#8221; background_image_as_pattern=&#8221;without_pattern&#8221; el_class=&#8221;home_teasers&#8221; z_index=&#8221;&#8221;][vc_column width=&#8221;1\/4&#8243;][\/vc_column][vc_column width=&#8221;1\/4&#8243;][\/vc_column][vc_column width=&#8221;1\/4&#8243;][\/vc_column][vc_column width=&#8221;1\/4&#8243;][\/vc_column][\/vc_row][vc_row css_animation=&#8221;element_from_fade&#8221; row_type=&#8221;row&#8221; use_row_as_full_screen_section=&#8221;no&#8221; type=&#8221;grid&#8221; angled_section=&#8221;no&#8221; text_align=&#8221;left&#8221; background_image_as_pattern=&#8221;without_pattern&#8221; z_index=&#8221;&#8221; el_class=&#8221;row_sep&#8221;][vc_column width=&#8221;1\/3&#8243;][vc_column_text el_class=&#8221;section_title small&#8221;] BASMEL, EXPERTS EN ELECTR\u00d2NICA I PESATGE INDUSTRIAL [\/vc_column_text][vc_column_text el_class=&#8221;home_intro&#8221;]Basmel des de 1972, dissenyem i fabriquem equips electr\u00f2nics industrials, especialitzats&#8230;<\/p>\n","protected":false},"author":1,"featured_media":0,"parent":0,"menu_order":0,"comment_status":"closed","ping_status":"closed","template":"full_width.php","meta":{"footnotes":""},"class_list":["post-229","page","type-page","status-publish","hentry"],"_links":{"self":[{"href":"https:\/\/www.basmel.es\/ca\/wp-json\/wp\/v2\/pages\/229","targetHints":{"allow":["GET"]}}],"collection":[{"href":"https:\/\/www.basmel.es\/ca\/wp-json\/wp\/v2\/pages"}],"about":[{"href":"https:\/\/www.basmel.es\/ca\/wp-json\/wp\/v2\/types\/page"}],"author":[{"embeddable":true,"href":"https:\/\/www.basmel.es\/ca\/wp-json\/wp\/v2\/users\/1"}],"replies":[{"embeddable":true,"href":"https:\/\/www.basmel.es\/ca\/wp-json\/wp\/v2\/comments?post=229"}],"version-history":[{"count":11,"href":"https:\/\/www.basmel.es\/ca\/wp-json\/wp\/v2\/pages\/229\/revisions"}],"predecessor-version":[{"id":705,"href":"https:\/\/www.basmel.es\/ca\/wp-json\/wp\/v2\/pages\/229\/revisions\/705"}],"wp:attachment":[{"href":"https:\/\/www.basmel.es\/ca\/wp-json\/wp\/v2\/media?parent=229"}],"curies":[{"name":"wp","href":"https:\/\/api.w.org\/{rel}","templated":true}]}}