{"id":233,"date":"2019-11-01T15:56:20","date_gmt":"2019-11-01T14:56:20","guid":{"rendered":"https:\/\/www.basmel.es\/multicabezales\/"},"modified":"2020-06-23T13:40:30","modified_gmt":"2020-06-23T11:40:30","slug":"dosificadora-de-formulacio","status":"publish","type":"page","link":"https:\/\/www.basmel.es\/ca\/dosificadora-de-formulacio\/","title":{"rendered":"DOSIFICADORA DE FORMULACI\u00d3"},"content":{"rendered":"<div class=\"wpb-content-wrapper\"><p>[vc_row css_animation=&#8221;element_from_fade&#8221; row_type=&#8221;row&#8221; use_row_as_full_screen_section=&#8221;no&#8221; type=&#8221;grid&#8221; angled_section=&#8221;no&#8221; text_align=&#8221;left&#8221; background_image_as_pattern=&#8221;without_pattern&#8221; z_index=&#8221;&#8221; el_class=&#8221;row_sep_producto_first&#8221;][vc_column][vc_column_text el_class=&#8221;section_title_producto&#8221;]<\/p>\n<h1 class=\"p1\"><span class=\"s1\">DOSIFICADORA DE FORMULACI\u00d3<\/span><\/h1>\n<h4 class=\"p1\"><\/h4>\n<p>[\/vc_column_text][\/vc_column][\/vc_row][vc_row css_animation=&#8221;element_from_fade&#8221; row_type=&#8221;row&#8221; use_row_as_full_screen_section=&#8221;no&#8221; type=&#8221;grid&#8221; angled_section=&#8221;no&#8221; text_align=&#8221;left&#8221; background_image_as_pattern=&#8221;without_pattern&#8221; z_index=&#8221;&#8221; el_class=&#8221;row_sep_producto_last&#8221;][vc_column width=&#8221;2\/3&#8243;][vc_column_text]Pesadora per c\u00e8l\u00b7lula de c\u00e0rrega fins a 24 productes.<\/p>\n<p>Amb circuit suma incorporat.<\/p>\n<p>Mem\u00f2ria d&#8217;emmagatzematge fins a 60 f\u00f3rmules.<\/p>\n<p>Permet treballar com ensacadora.[\/vc_column_text][vc_column_text el_class=&#8221;btn_product_more_info&#8221;]M\u00e9s informaci\u00f3[\/vc_column_text][vc_column_text el_class=&#8221;product_more_info&#8221;]Pesadora per c\u00e8l\u00b7lula de c\u00e0rrega fins a 24 productes a una sola velocitat (gruix) o 12 a dues velocitats (gruixut i fi). Permet dues c\u00e8l\u00b7lules de c\u00e0rrega en paral\u00b7lel de qualsevol capacitat, amb circuit suma incorporat.<\/p>\n<p>Sortida de pesada llista i entrada per a desc\u00e0rrega del producte.<\/p>\n<p>Programaci\u00f3:<br \/>\n-De cua per producte<br \/>\n-De repetici\u00f3 d&#8217;afinat<br \/>\n-De temps d&#8217;asseguran\u00e7a de pesada<br \/>\n-De correcci\u00f3 autom\u00e0tica de cua<br \/>\n-De nombre de vegades per efectuar mitjana per a correcci\u00f3 de cua<br \/>\n-De retard entre dosificacions per llegir pes real de producte<\/p>\n<p>Acumulaci\u00f3 de l&#8217;total real dosificat en cada nivell (producte) i de total real de pesades.<\/p>\n<p>Visualitzaci\u00f3 de pesades realitzades.<\/p>\n<p>Mem\u00f2ria d&#8217;emmagatzematge fins a 60 f\u00f3rmules.<\/p>\n<p>Permet treballar com ensacadora, efectuant el autocero de forma autom\u00e0tica cada cert nombre de pesades o, cada vegada que s&#8217;inicia cicle.<\/p>\n<p>Ajust de pes i introducci\u00f3 de dades mitjan\u00e7ant teclat (20 tecles).<\/p>\n<p>Visualitzaci\u00f3 mitjan\u00e7ant display LCD, el pes en display LED de segments.<\/p>\n<p>Polsador de Marxa.<\/p>\n<p>Polsador d&#8217;Atur.[\/vc_column_text][vc_separator type=&#8221;transparent&#8221; up=&#8221;30&#8243;][\/vc_column][vc_column width=&#8221;1\/3&#8243;][vc_single_image image=&#8221;503&#8243; img_size=&#8221;full&#8221; onclick=&#8221;link_image&#8221; qode_css_animation=&#8221;&#8221;][vc_separator type=&#8221;transparent&#8221; up=&#8221;30&#8243;][vc_single_image image=&#8221;356&#8243; img_size=&#8221;full&#8221; onclick=&#8221;link_image&#8221; qode_css_animation=&#8221;&#8221;][vc_separator type=&#8221;transparent&#8221; up=&#8221;30&#8243;][vc_single_image image=&#8221;364&#8243; img_size=&#8221;full&#8221; onclick=&#8221;link_image&#8221; qode_css_animation=&#8221;&#8221;][\/vc_column][\/vc_row][vc_row css_animation=&#8221;element_from_fade&#8221; row_type=&#8221;row&#8221; use_row_as_full_screen_section=&#8221;no&#8221; type=&#8221;grid&#8221; angled_section=&#8221;no&#8221; text_align=&#8221;left&#8221; background_image_as_pattern=&#8221;without_pattern&#8221; el_class=&#8221;row_mas_info&#8221; z_index=&#8221;&#8221;][vc_column][vc_column_text]<\/p>\n<p class=\"p1\"><span class=\"s1\">Si desitja m\u00e9s informaci\u00f3, <\/span><a href=\"https:\/\/www.basmel.es\/contacto\/\"><span class=\"s2\">contacti amb nosaltres<\/span><\/a><\/p>\n<p>[\/vc_column_text][\/vc_column][\/vc_row]<\/p>\n<\/div>","protected":false},"excerpt":{"rendered":"<p>[vc_row css_animation=&#8221;element_from_fade&#8221; row_type=&#8221;row&#8221; use_row_as_full_screen_section=&#8221;no&#8221; type=&#8221;grid&#8221; angled_section=&#8221;no&#8221; text_align=&#8221;left&#8221; background_image_as_pattern=&#8221;without_pattern&#8221; z_index=&#8221;&#8221; el_class=&#8221;row_sep_producto_first&#8221;][vc_column][vc_column_text el_class=&#8221;section_title_producto&#8221;] DOSIFICADORA DE FORMULACI\u00d3 [\/vc_column_text][\/vc_column][\/vc_row][vc_row css_animation=&#8221;element_from_fade&#8221; row_type=&#8221;row&#8221; use_row_as_full_screen_section=&#8221;no&#8221; type=&#8221;grid&#8221; angled_section=&#8221;no&#8221; text_align=&#8221;left&#8221; background_image_as_pattern=&#8221;without_pattern&#8221; z_index=&#8221;&#8221; el_class=&#8221;row_sep_producto_last&#8221;][vc_column width=&#8221;2\/3&#8243;][vc_column_text]Pesadora per c\u00e8l\u00b7lula de c\u00e0rrega fins a 24 productes. Amb circuit suma incorporat. Mem\u00f2ria d&#8217;emmagatzematge fins a 60 f\u00f3rmules. Permet treballar&#8230;<\/p>\n","protected":false},"author":1,"featured_media":0,"parent":0,"menu_order":0,"comment_status":"closed","ping_status":"closed","template":"full_width.php","meta":{"footnotes":""},"class_list":["post-233","page","type-page","status-publish","hentry"],"_links":{"self":[{"href":"https:\/\/www.basmel.es\/ca\/wp-json\/wp\/v2\/pages\/233","targetHints":{"allow":["GET"]}}],"collection":[{"href":"https:\/\/www.basmel.es\/ca\/wp-json\/wp\/v2\/pages"}],"about":[{"href":"https:\/\/www.basmel.es\/ca\/wp-json\/wp\/v2\/types\/page"}],"author":[{"embeddable":true,"href":"https:\/\/www.basmel.es\/ca\/wp-json\/wp\/v2\/users\/1"}],"replies":[{"embeddable":true,"href":"https:\/\/www.basmel.es\/ca\/wp-json\/wp\/v2\/comments?post=233"}],"version-history":[{"count":7,"href":"https:\/\/www.basmel.es\/ca\/wp-json\/wp\/v2\/pages\/233\/revisions"}],"predecessor-version":[{"id":670,"href":"https:\/\/www.basmel.es\/ca\/wp-json\/wp\/v2\/pages\/233\/revisions\/670"}],"wp:attachment":[{"href":"https:\/\/www.basmel.es\/ca\/wp-json\/wp\/v2\/media?parent=233"}],"curies":[{"name":"wp","href":"https:\/\/api.w.org\/{rel}","templated":true}]}}