{"id":241,"date":"2019-10-31T20:08:40","date_gmt":"2019-10-31T19:08:40","guid":{"rendered":"https:\/\/www.basmel.es\/politica-cookies\/"},"modified":"2020-06-25T10:26:52","modified_gmt":"2020-06-25T08:26:52","slug":"politica-cookies","status":"publish","type":"page","link":"https:\/\/www.basmel.es\/ca\/politica-cookies\/","title":{"rendered":"Pol\u00edtica de cookies"},"content":{"rendered":"<div class=\"wpb-content-wrapper\"><p>[vc_row css_animation=&#8221;element_from_fade&#8221; row_type=&#8221;row&#8221; use_row_as_full_screen_section=&#8221;no&#8221; type=&#8221;grid&#8221; angled_section=&#8221;no&#8221; text_align=&#8221;left&#8221; background_image_as_pattern=&#8221;without_pattern&#8221; z_index=&#8221;&#8221; el_class=&#8221;row_sep&#8221;][vc_column][vc_column_text el_class=&#8221;mr20&#8243;]<strong>Qu\u00e8 s\u00f3n les cookies?<br \/>\n<\/strong>Una cookie \u00e9s un fitxer que es descarrega al seu ordinador a l&#8217;accedir a determinades p\u00e0gines web. Les cookies permeten a una p\u00e0gina web, entre altres coses, emmagatzemar i recuperar informaci\u00f3 sobre h\u00e0bits de navegaci\u00f3 d&#8217;un usuari o del seu equip i, depenent de la informaci\u00f3 que continguin i de la forma que utilitzi el seu equip, es poden utilitzar per recon\u00e8ixer a l&#8217;usuari .<br \/>\n<strong>Per a qu\u00e8 utilitza les cookies aquesta p\u00e0gina web i quines s\u00f3n?<\/strong>Aquesta p\u00e0gina web utilitza les galetes per a una s\u00e8rie de finalitats, incloses:<\/p>\n<ul>\n<li>An\u00e0lisi: son aquelles cookies que b\u00e9, tractades per nosaltres o per tercers, ens permeten quantificar el nombre d&#8217;usuaris i aix\u00ed realitzar el mesurament i an\u00e0lisi estad\u00edstic de la utilitzaci\u00f3 que fan els usuaris del servei. Per aix\u00f2 s&#8217;analitza la seva navegaci\u00f3 a la nostra p\u00e0gina web per tal de millorar l&#8217;experi\u00e8ncia de l&#8217;usuari.<\/li>\n<\/ul>\n<p>El detall de les cookies utilitzades en aquesta p\u00e0gina web \u00e9s el seg\u00fcent:<\/p>\n<table>\n<tbody>\n<tr>\n<td width=\"60\"><strong>Cookies<\/strong><\/td>\n<td width=\"78\"><strong>Nom<\/strong><\/td>\n<td width=\"72\"><strong>Tipus<\/strong><\/td>\n<td width=\"240\"><strong>Prop\u00f2sit<\/strong><\/td>\n<td width=\"150\"><strong>M\u00e9s informaci\u00f3<\/strong><\/td>\n<\/tr>\n<tr>\n<td width=\"0\">__utma __utmb __utmc __utmz _ga _gat<\/td>\n<td width=\"0\">Google Analytics<\/td>\n<td width=\"0\">De tercers<\/td>\n<td width=\"0\">Recollir informaci\u00f3 sobre la navegaci\u00f3 dels usuaris pel lloc per tal de con\u00e8ixer l&#8217;origen de les visites i altres dades similars a nivell estad\u00edstic. No obt\u00e9 dades dels noms o cognoms dels usuaris ni de l&#8217;adre\u00e7a postal concreta des d&#8217;on es connecten<\/td>\n<td width=\"0\">Google Analytics Centre de privacitat de Google: http:\/\/www.google.com\/intl\/es\/policies\/privacy\/<\/td>\n<\/tr>\n<\/tbody>\n<\/table>\n<p>&nbsp;<\/p>\n<p>Nota: Les cookies de tipus &#8216;pr\u00f2pies&#8217; s\u00f3n utilitzades nom\u00e9s pel propietari d&#8217;aquesta web i les cookies &#8216;De tercers&#8217; s\u00f3n utilitzades, pel prestador del servei que est\u00e0 detallat en el quadre anterior.<\/p>\n<p><strong>Com puc desactivar o eliminar aquestes cookies?<br \/>\n<\/strong>Pot vost\u00e8 permetre, bloquejar o eliminar les cookies instal\u00b7lades en el seu equip mitjan\u00e7ant la configuraci\u00f3 de les opcions de el navegador en el vostre ordinador.<\/p>\n<p>&#8211; Firefox<br \/>\n<a href=\"http:\/\/support.mozilla.org\/es\/kb\/habilitar-y-deshabilitar-cookies-que-los-sitios-we\">http:\/\/support.mozilla.org\/es\/kb\/habilitar-y-deshabilitar-cookies-que-los-sitios-we<\/a><\/p>\n<p>&#8211; Chrome<br \/>\n<a href=\"http:\/\/support.google.com\/chrome\/bin\/answer.py?hl=es&amp;answer=95647\">http:\/\/support.google.com\/chrome\/bin\/answer.py?hl=es&amp;answer=95647<\/a><\/p>\n<p>&#8211; Explorer<br \/>\n<a href=\"http:\/\/windows.microsoft.com\/es-es\/windows7\/how-to-manage-cookies-in-internet-explorer-9\">http:\/\/windows.microsoft.com\/es-es\/windows7\/how-to-manage-cookies-in-internet-explorer-9<\/a><\/p>\n<p>&#8211; Safari<br \/>\n<a href=\"http:\/\/support.apple.com\/kb\/ph5042\">http:\/\/support.apple.com\/kb\/ph5042<\/a><\/p>\n<p>&#8211; Opera<br \/>\n<a href=\"http:\/\/help.opera.com\/Windows\/11.50\/es-ES\/cookies.html\">http:\/\/help.opera.com\/Windows\/11.50\/es-ES\/cookies.html<\/a><\/p>\n<p>Altres navegadors: Consulteu la documentaci\u00f3 de el navegador que tingui instal\u00b7lat.<\/p>\n<p><strong>Complement d&#8217;inhabilitaci\u00f3 per a navegadors de Google Analytics<br \/>\n<\/strong>Si voleu rebutjar les cookies anal\u00edtiques de Google Analytics en tots els navegadors, de manera que no s&#8217;envi\u00ef informaci\u00f3 seva a Google Analytics, pot descarregar un complement que realitza aquesta funci\u00f3 des d&#8217;aquest enlla\u00e7:<a href=\"https:\/\/tools.google.com\/dlpage\/gaoptout\">https:\/\/tools.google.com\/dlpage\/gaoptout<\/a>.<\/p>\n<p>&nbsp;<\/p>\n<p><strong>M\u00c9S INFORMACI\u00d3 SOBRE LES COOKIES<\/strong><\/p>\n<p><strong>Qu\u00e8 NO \u00c9S una cookie?<br \/>\n<\/strong>No \u00e9s un virus, ni un troi\u00e0, ni un cuc, ni spam, ni spyware, ni obre finestres pop-up<\/p>\n<p><strong><br \/>\nQuina informaci\u00f3 emmagatzema una galeta?<\/strong><br \/>\nLes cookies no solen emmagatzemar informaci\u00f3 sensible sobre vost\u00e8, com targetes de cr\u00e8dit o dades banc\u00e0ries, fotografies, el seu DNI o informaci\u00f3 personal, etc. Les dades que guarden s\u00f3n de car\u00e0cter t\u00e8cnic, prefer\u00e8ncies personals, personalitzaci\u00f3 de continguts, etc.<\/p>\n<p>El servidor web no li associa a vost\u00e8 com a persona si no al seu navegador web. De fet, si vost\u00e8 navega habitualment amb Internet Explorer i prova a navegar per la mateixa web amb Firefox o Chrome veur\u00e0 que el web no s&#8217;adona que \u00e9s vost\u00e8 la mateixa persona perqu\u00e8 en realitat est\u00e0 associant al navegador, no a la persona.<\/p>\n<p><strong>Quin tipus de cookies hi ha?<\/strong><\/p>\n<ul>\n<li>Cookies t\u00e8cniques: S\u00f3n les m\u00e9s elementals i permeten, entre altres coses, saber quan est\u00e0 navegant un hum\u00e0 o una aplicaci\u00f3 automatitzada, quan navega un usuari an\u00f2nim i un registrat, tasques b\u00e0siques per al funcionament de qualsevol web din\u00e0mica.<\/li>\n<li>Cookies d&#8217;an\u00e0lisi: Recullen informaci\u00f3 sobre el tipus de navegaci\u00f3 que est\u00e0 realitzant, les seccions que m\u00e9s utilitza, productes consultats, franja hor\u00e0ria d&#8217;\u00fas, idioma, etc.<\/li>\n<li>Cookies publicit\u00e0ries: Mostren publicitat en funci\u00f3 de la seva navegaci\u00f3, el seu pa\u00eds de proced\u00e8ncia, idioma, etc.<\/li>\n<\/ul>\n<p><strong>Qu\u00e8 s\u00f3n les cookies pr\u00f2pies i les de tercers?<br \/>\n<\/strong>Les cookies pr\u00f2pies s\u00f3n les generades per la p\u00e0gina que est\u00e0 visitant i les de tercers s\u00f3n les generades per serveis o prove\u00efdors externs com Facebook, Twitter, Google, etc.<\/p>\n<p><strong>Qu\u00e8 passa si desactivo les cookies?<\/strong><br \/>\nPerqu\u00e8 entengui l&#8217;abast que pot tenir desactivar les cookies li mostrem uns exemples:<\/p>\n<ul>\n<li>No podr\u00e0 compartir continguts d&#8217;aquesta web a Facebook, Twitter o qualsevol altra xarxa social.<\/li>\n<li>El lloc web no podr\u00e0 adaptar els continguts a les seves prefer\u00e8ncies personals, com sol passar en les botigues en l\u00ednia.<\/li>\n<li>No podr\u00e0 accedir a l&#8217;\u00e0rea personal d&#8217;aquesta web, com per exemple El meu compte, o El meu perfil o Les meves comandes.<\/li>\n<li>Botigues en l\u00ednia: Li ser\u00e0 impossible realitzar compres en l\u00ednia, hauran de ser telef\u00f2niques o visitant la botiga f\u00edsica si \u00e9s que disposa d&#8217;ella.<\/li>\n<li>No ser\u00e0 possible personalitzar les seves prefer\u00e8ncies geogr\u00e0fiques com a franja hor\u00e0ria, divisa o idioma.<\/li>\n<li>El lloc web no podr\u00e0 realitzar anal\u00edtiques web sobre visitants i tr\u00e0nsit a la web, el que dificultar\u00e0 que el web sigui competitiva.<\/li>\n<li>No podr\u00e0 escriure al bloc, no podr\u00e0 pujar fotos, publicar comentaris, valorar o puntuar continguts. El web tampoc podr\u00e0 saber si vost\u00e8 \u00e9s un hum\u00e0 o una aplicaci\u00f3 automatitzada que publica spam.<\/li>\n<li>No es podr\u00e0 mostrar publicitat sectoritzada, el que reduir\u00e0 els ingressos publicitaris del web.<\/li>\n<li>Totes les xarxes socials fan servir cookies, si les desactiva no podr\u00e0 utilitzar cap xarxa social.<\/li>\n<\/ul>\n<p><strong>Es poden eliminar les cookies?<\/strong><br \/>\nS\u00ed. No nom\u00e9s eliminar, tamb\u00e9 bloquejar, de forma general o particular per a un domini espec\u00edfic.<\/p>\n<p>Per eliminar les cookies d&#8217;un lloc web ha d&#8217;anar a la configuraci\u00f3 del seu navegador i all\u00e0 podr\u00e0 buscar les associades a el domini en q\u00fcesti\u00f3 i procedir a la seva eliminaci\u00f3.<\/p>\n<p><strong>Configuraci\u00f3 de galetes per als navegadors m\u00e9s populars<br \/>\n<\/strong>A continuaci\u00f3, us expliquem com accedir a una cookie determinada de el navegador Chrome. Nota: aquests passos poden variar en funci\u00f3 de la versi\u00f3 de el navegador:<\/p>\n<ol>\n<li>Aneu a Configuraci\u00f3 o Prefer\u00e8ncies mitjan\u00e7ant el men\u00fa Arxiu o b\u00e9 clicant la icona de personalitzaci\u00f3 que apareix a dalt a la dreta.<\/li>\n<li>Veur\u00e0 diferents seccions, punxi l&#8217;opci\u00f3 Mostra opcions avan\u00e7ades.<\/li>\n<li>Aneu a Privadesa, Configuraci\u00f3 de contingut.<\/li>\n<li>Seleccioneu Totes les cookies i dades del lloc.<\/li>\n<li>Apareixer\u00e0 un llistat amb totes les cookies ordenades per domini. Perqu\u00e8 li sigui m\u00e9s f\u00e0cil trobar les cookies d&#8217;un determinat domini introdueixi parcialment o totalment la direcci\u00f3 al camp Cerca cookies.<\/li>\n<li>Despr\u00e9s de realitzar aquest filtre apareixeran en pantalla una o diverses l\u00ednies amb les cookies del web sol\u00b7licitada. Ara nom\u00e9s ha de seleccionar-la i pr\u00e9mer la X per procedir a la seva eliminaci\u00f3.<\/li>\n<\/ol>\n<p>Per accedir a la configuraci\u00f3 de cookies de el navegador Internet Explorer feu el seg\u00fcent (poden variar en funci\u00f3 de la versi\u00f3 de el navegador):<\/p>\n<ol>\n<li>Aneu a Eines, Opcions d&#8217;Internet<\/li>\n<li>Feu clic a Privadesa.<\/li>\n<li>Moveu el bot\u00f3 lliscant fins ajustar el nivell de privacitat que desitgi.<\/li>\n<\/ol>\n<p>Per accedir a la configuraci\u00f3 de cookies de el navegador Firefox feu el seg\u00fcent (poden variar en funci\u00f3 de la versi\u00f3 de el navegador):<\/p>\n<ol>\n<li>Aneu a Opcions o Prefer\u00e8ncies segons el seu sistema operatiu.<\/li>\n<li>Feu clic a Privadesa.<\/li>\n<li>En Hist\u00f2ric trieu Utilitza una configuraci\u00f3 personalitzada per l&#8217;historial.<\/li>\n<li>Ara veur\u00e0 l&#8217;opci\u00f3 Accepta cookies, pot activar-la o desactivar-la segons les seves prefer\u00e8ncies.<\/li>\n<\/ol>\n<p>Per accedir a la configuraci\u00f3 de cookies del navegador Safari per a OSX feu el seg\u00fcent (poden variar en funci\u00f3 de la versi\u00f3 de el navegador):<\/p>\n<ol>\n<li>Aneu a Prefer\u00e8ncies, despr\u00e9s Privadesa.<\/li>\n<li>En aquest lloc veur\u00e0 l&#8217;opci\u00f3 Bloqueja cookies perqu\u00e8 ajusti el tipus de bloqueig que desitja realitzar.<\/li>\n<\/ol>\n<p>Per accedir a la configuraci\u00f3 de cookies del navegador Safari per iOS feu el seg\u00fcent (poden variar en funci\u00f3 de la versi\u00f3 de el navegador):<\/p>\n<ol>\n<li>Aneu a Configuraci\u00f3, despr\u00e9s Safari.<\/li>\n<li>Aneu a Privadesa i Seguretat, veur\u00e0 l&#8217;opci\u00f3 Bloqueja galetes perqu\u00e8 ajusti el tipus de bloqueig que desitja realitzar.<\/li>\n<\/ol>\n<p>Per accedir a la configuraci\u00f3 de galetes de el navegador per a dispositius Android feu el seg\u00fcent (poden variar en funci\u00f3 de la versi\u00f3 de el navegador):<\/p>\n<ol>\n<li>Executeu el navegador i premeu la tecla Men\u00fa, despr\u00e9s Configuraci\u00f3.<\/li>\n<li>Aneu a Seguretat i privadesa, veur\u00e0 l&#8217;opci\u00f3 Accepta cookies perqu\u00e8 activi o desactivi la casella.<\/li>\n<\/ol>\n<p>Per accedir a la configuraci\u00f3 de cookies de el navegador per a dispositius Windows Phone feu el seg\u00fcent (poden variar en funci\u00f3 de la versi\u00f3 de el navegador):<\/p>\n<ol>\n<li>Obriu Internet Explorer, despr\u00e9s M\u00e9s, despr\u00e9s Configuraci\u00f3<\/li>\n<li>Ara pot activar o desactivar la casella Permetre cookies.<\/li>\n<\/ol>\n<p>&nbsp;<\/p>\n<p>[\/vc_column_text][\/vc_column][\/vc_row]<\/p>\n<\/div>","protected":false},"excerpt":{"rendered":"<p>[vc_row css_animation=&#8221;element_from_fade&#8221; row_type=&#8221;row&#8221; use_row_as_full_screen_section=&#8221;no&#8221; type=&#8221;grid&#8221; angled_section=&#8221;no&#8221; text_align=&#8221;left&#8221; background_image_as_pattern=&#8221;without_pattern&#8221; z_index=&#8221;&#8221; el_class=&#8221;row_sep&#8221;][vc_column][vc_column_text el_class=&#8221;mr20&#8243;]Qu\u00e8 s\u00f3n les cookies? Una cookie \u00e9s un fitxer que es descarrega al seu ordinador a l&#8217;accedir a determinades p\u00e0gines web. Les cookies permeten a una p\u00e0gina web, entre altres coses, emmagatzemar i recuperar informaci\u00f3&#8230;<\/p>\n","protected":false},"author":1,"featured_media":0,"parent":0,"menu_order":0,"comment_status":"closed","ping_status":"closed","template":"full_width.php","meta":{"footnotes":""},"class_list":["post-241","page","type-page","status-publish","hentry"],"_links":{"self":[{"href":"https:\/\/www.basmel.es\/ca\/wp-json\/wp\/v2\/pages\/241","targetHints":{"allow":["GET"]}}],"collection":[{"href":"https:\/\/www.basmel.es\/ca\/wp-json\/wp\/v2\/pages"}],"about":[{"href":"https:\/\/www.basmel.es\/ca\/wp-json\/wp\/v2\/types\/page"}],"author":[{"embeddable":true,"href":"https:\/\/www.basmel.es\/ca\/wp-json\/wp\/v2\/users\/1"}],"replies":[{"embeddable":true,"href":"https:\/\/www.basmel.es\/ca\/wp-json\/wp\/v2\/comments?post=241"}],"version-history":[{"count":4,"href":"https:\/\/www.basmel.es\/ca\/wp-json\/wp\/v2\/pages\/241\/revisions"}],"predecessor-version":[{"id":713,"href":"https:\/\/www.basmel.es\/ca\/wp-json\/wp\/v2\/pages\/241\/revisions\/713"}],"wp:attachment":[{"href":"https:\/\/www.basmel.es\/ca\/wp-json\/wp\/v2\/media?parent=241"}],"curies":[{"name":"wp","href":"https:\/\/api.w.org\/{rel}","templated":true}]}}