{"id":249,"date":"2019-11-01T10:48:48","date_gmt":"2019-11-01T09:48:48","guid":{"rendered":"https:\/\/www.basmel.es\/servicios\/"},"modified":"2020-06-30T09:40:28","modified_gmt":"2020-06-30T07:40:28","slug":"serveis","status":"publish","type":"page","link":"https:\/\/www.basmel.es\/ca\/serveis\/","title":{"rendered":"Serveis"},"content":{"rendered":"<div class=\"wpb-content-wrapper\"><p>[vc_row css_animation=&#8221;element_from_fade&#8221; row_type=&#8221;row&#8221; use_row_as_full_screen_section=&#8221;no&#8221; type=&#8221;grid&#8221; angled_section=&#8221;no&#8221; text_align=&#8221;left&#8221; background_image_as_pattern=&#8221;without_pattern&#8221; z_index=&#8221;&#8221; el_class=&#8221;row_sep&#8221;][vc_column width=&#8221;1\/2&#8243;][vc_column_text el_class=&#8221;section_title&#8221;]<\/p>\n<h1 class=\"p1\"><span class=\"s1\">ELS NOSTRES SERVEIS<\/span><\/h1>\n<p>[\/vc_column_text][vc_column_text]<strong>Dissenyem segons les teves necessitats<\/strong><\/p>\n<p>Gr\u00e0cies a l&#8217;\u00e0mplia experi\u00e8ncia dels seus integrants en el camp de l&#8217;electr\u00f2nica,<strong>Basmel<\/strong>\u00a0 posseeix el &#8216;know-How&#8217; necessari per a la realitzaci\u00f3 de qualsevol tipus de projecte.<\/p>\n<p>A <strong>Basmel<\/strong> realitzem totes les fases de el projecte, des de la investigaci\u00f3 fins a la seva producci\u00f3 en s\u00e8rie. El nostre departament d&#8217;Enginyeria R + D permet oferir solucions innovadores per a qualsevol tipus de requeriment, desenvolupant tant el sistema maquinari com el programari (aplicacions que permeten una interf\u00edcie c\u00f2moda entre els usuaris i els equips a trav\u00e9s d&#8217;un PC).<\/p>\n<p>Oferim desenvolupaments espec\u00edfics per a problemes concrets i com a resultat els nostres clients tinguin una alternativa per resoldre les seves necessitats de forma immediata.<\/p>\n<p>Disposem de l&#8217;Instrumental necessari per a efectuar els assajos pertinents per assegurar una total fiabilitat.<\/p>\n<p>Comprom\u00eds en la qualitat, flexibilitat, serietat i servei urgent en els terminis de lliurament.[\/vc_column_text][vc_separator type=&#8221;transparent&#8221; up=&#8221;30&#8243;][\/vc_column][vc_column width=&#8221;1\/2&#8243;][vc_single_image image=&#8221;593&#8243; img_size=&#8221;full&#8221; qode_css_animation=&#8221;&#8221;][\/vc_column][\/vc_row][vc_row css_animation=&#8221;element_from_fade&#8221; row_type=&#8221;row&#8221; use_row_as_full_screen_section=&#8221;no&#8221; type=&#8221;grid&#8221; angled_section=&#8221;no&#8221; text_align=&#8221;left&#8221; background_image_as_pattern=&#8221;without_pattern&#8221; el_class=&#8221;home_teasers&#8221; z_index=&#8221;&#8221;][vc_column width=&#8221;1\/4&#8243;]<div class=\"image_with_text\"><img decoding=\"async\" itemprop=\"image\" src=\"https:\/\/www.basmel.es\/wp-content\/uploads\/2019\/11\/icon1-1.png\" alt=\"\" \/><h3  class=\"image_with_text_title\"><\/h3><span style=\"margin: 6px 0px;\" class=\"separator transparent\"><\/span><\/p>\n<p class=\"p1\"><span class=\"s1\">ASSESSORAMENT I SOLUCIONS INNOVADORES PER QUALSEVOL TIPUS DE REQUERIMENT<\/span><span class=\"s2\">O<\/span><\/p>\n<p><\/div>[\/vc_column][vc_column width=&#8221;1\/4&#8243;]<div class=\"image_with_text\"><img decoding=\"async\" itemprop=\"image\" src=\"https:\/\/www.basmel.es\/wp-content\/uploads\/2019\/11\/icon2-1.png\" alt=\"\" \/><h3  class=\"image_with_text_title\"><\/h3><span style=\"margin: 6px 0px;\" class=\"separator transparent\"><\/span><\/p>\n<p class=\"p1\"><span class=\"s1\">DESENVOLUPAMENT DE LA DOCUMENTACI\u00d3 D\u2019\u00daS INTERN PER GARANTITZAR LA TRA\u00c7ABILITAT DELS NOSTRES EQUIPS.<\/span><span class=\"s2\">.<\/span><\/p>\n<p><\/div>[\/vc_column][vc_column width=&#8221;1\/4&#8243;]<div class=\"image_with_text\"><img decoding=\"async\" itemprop=\"image\" src=\"https:\/\/www.basmel.es\/wp-content\/uploads\/2019\/11\/icon3-1.png\" alt=\"\" \/><h3  class=\"image_with_text_title\"><\/h3><span style=\"margin: 6px 0px;\" class=\"separator transparent\"><\/span><\/p>\n<p class=\"p1\"><span class=\"s1\">MUNTATGE I VERIFICACI\u00d3 COMPLETA DELS EQUIPS , PER ASSEGURAR UNA TOTAL FIABILITAT.<\/span><\/p>\n<p><\/div>[\/vc_column][vc_column width=&#8221;1\/4&#8243;]<div class=\"image_with_text\"><img decoding=\"async\" itemprop=\"image\" src=\"https:\/\/www.basmel.es\/wp-content\/uploads\/2019\/11\/icon4-1.png\" alt=\"\" \/><h3  class=\"image_with_text_title\"><\/h3><span style=\"margin: 6px 0px;\" class=\"separator transparent\"><\/span><\/p>\n<p class=\"p1\"><span class=\"s1\">ASSIST\u00c8NCIA T\u00c8CNICA CONTINUADA DELS EQUIPS FABRICATS PER ALS NOSTRES CLIENTS<\/span><\/p>\n<p><\/div>[\/vc_column][\/vc_row][vc_row css_animation=&#8221;element_from_fade&#8221; row_type=&#8221;row&#8221; use_row_as_full_screen_section=&#8221;no&#8221; type=&#8221;grid&#8221; angled_section=&#8221;no&#8221; text_align=&#8221;left&#8221; background_image_as_pattern=&#8221;without_pattern&#8221; el_class=&#8221;row_mas_info&#8221; z_index=&#8221;&#8221;][vc_column][vc_column_text]<\/p>\n<p class=\"p1\"><span class=\"s1\">Si desitja m\u00e9s informaci\u00f3, <\/span><a href=\"https:\/\/www.basmel.es\/ca\/contacte\/\"><span class=\"s2\">contacti amb nosaltres<\/span><\/a><\/p>\n<p>[\/vc_column_text][\/vc_column][\/vc_row]<\/p>\n<\/div>","protected":false},"excerpt":{"rendered":"<p>[vc_row css_animation=&#8221;element_from_fade&#8221; row_type=&#8221;row&#8221; use_row_as_full_screen_section=&#8221;no&#8221; type=&#8221;grid&#8221; angled_section=&#8221;no&#8221; text_align=&#8221;left&#8221; background_image_as_pattern=&#8221;without_pattern&#8221; z_index=&#8221;&#8221; el_class=&#8221;row_sep&#8221;][vc_column width=&#8221;1\/2&#8243;][vc_column_text el_class=&#8221;section_title&#8221;] ELS NOSTRES SERVEIS [\/vc_column_text][vc_column_text]Dissenyem segons les teves necessitats Gr\u00e0cies a l&#8217;\u00e0mplia experi\u00e8ncia dels seus integrants en el camp de l&#8217;electr\u00f2nica,Basmel\u00a0 posseeix el &#8216;know-How&#8217; necessari per a la realitzaci\u00f3 de qualsevol tipus de projecte&#8230;.<\/p>\n","protected":false},"author":1,"featured_media":0,"parent":0,"menu_order":0,"comment_status":"closed","ping_status":"closed","template":"full_width.php","meta":{"footnotes":""},"class_list":["post-249","page","type-page","status-publish","hentry"],"_links":{"self":[{"href":"https:\/\/www.basmel.es\/ca\/wp-json\/wp\/v2\/pages\/249","targetHints":{"allow":["GET"]}}],"collection":[{"href":"https:\/\/www.basmel.es\/ca\/wp-json\/wp\/v2\/pages"}],"about":[{"href":"https:\/\/www.basmel.es\/ca\/wp-json\/wp\/v2\/types\/page"}],"author":[{"embeddable":true,"href":"https:\/\/www.basmel.es\/ca\/wp-json\/wp\/v2\/users\/1"}],"replies":[{"embeddable":true,"href":"https:\/\/www.basmel.es\/ca\/wp-json\/wp\/v2\/comments?post=249"}],"version-history":[{"count":10,"href":"https:\/\/www.basmel.es\/ca\/wp-json\/wp\/v2\/pages\/249\/revisions"}],"predecessor-version":[{"id":711,"href":"https:\/\/www.basmel.es\/ca\/wp-json\/wp\/v2\/pages\/249\/revisions\/711"}],"wp:attachment":[{"href":"https:\/\/www.basmel.es\/ca\/wp-json\/wp\/v2\/media?parent=249"}],"curies":[{"name":"wp","href":"https:\/\/api.w.org\/{rel}","templated":true}]}}