{"id":399,"date":"2020-01-21T16:37:23","date_gmt":"2020-01-21T15:37:23","guid":{"rendered":"https:\/\/www.basmel.es\/?page_id=399"},"modified":"2020-06-23T13:53:22","modified_gmt":"2020-06-23T11:53:22","slug":"control-vibrador","status":"publish","type":"page","link":"https:\/\/www.basmel.es\/ca\/control-vibrador\/","title":{"rendered":"CONTROL VIBRADOR"},"content":{"rendered":"<div class=\"wpb-content-wrapper\"><p>[vc_row css_animation=&#8221;element_from_fade&#8221; row_type=&#8221;row&#8221; use_row_as_full_screen_section=&#8221;no&#8221; type=&#8221;grid&#8221; angled_section=&#8221;no&#8221; text_align=&#8221;left&#8221; background_image_as_pattern=&#8221;without_pattern&#8221; z_index=&#8221;&#8221; el_class=&#8221;row_sep_producto_first&#8221;][vc_column][vc_column_text el_class=&#8221;section_title_producto&#8221;]<\/p>\n<h1 class=\"p1\"><span class=\"s1\">CONTROL VIBRADOR<\/span><\/h1>\n<h4 class=\"p1\"><\/h4>\n<p>[\/vc_column_text][\/vc_column][\/vc_row][vc_row css_animation=&#8221;element_from_fade&#8221; row_type=&#8221;row&#8221; use_row_as_full_screen_section=&#8221;no&#8221; type=&#8221;grid&#8221; angled_section=&#8221;no&#8221; text_align=&#8221;left&#8221; background_image_as_pattern=&#8221;without_pattern&#8221; z_index=&#8221;&#8221; el_class=&#8221;row_sep_producto_last&#8221;][vc_column width=&#8221;2\/3&#8243;][vc_column_text]Circuit control de velocitat de vibrador mitjan\u00e7ant potenci\u00f2metre exterior o interior, regulaci\u00f3 per angle de fase.<\/p>\n<p>Depenent de el model, \u00e9s possible controlar un vibrador a mitja ona o a ona completa.<\/p>\n<p>Entrada per ATUR \/ MARXA<\/p>\n<p>Tamb\u00e9 dissenyat per a muntatge en carril DIN.<\/p>\n<p>[\/vc_column_text][vc_separator type=&#8221;transparent&#8221; up=&#8221;30&#8243;][\/vc_column][vc_column width=&#8221;1\/3&#8243;][vc_single_image image=&#8221;584&#8243; img_size=&#8221;medium&#8221; onclick=&#8221;link_image&#8221; qode_css_animation=&#8221;&#8221;][\/vc_column][\/vc_row][vc_row css_animation=&#8221;element_from_fade&#8221; row_type=&#8221;row&#8221; use_row_as_full_screen_section=&#8221;no&#8221; type=&#8221;grid&#8221; angled_section=&#8221;no&#8221; text_align=&#8221;left&#8221; background_image_as_pattern=&#8221;without_pattern&#8221; el_class=&#8221;row_mas_info&#8221; z_index=&#8221;&#8221;][vc_column][vc_column_text]<\/p>\n<p class=\"p1\"><span class=\"s1\">Si desitja m\u00e9s informaci\u00f3, <\/span><a href=\"https:\/\/www.basmel.es\/contacto\/\"><span class=\"s2\">contacti amb nosaltres<\/span><\/a><\/p>\n<p>[\/vc_column_text][\/vc_column][\/vc_row]<\/p>\n<\/div>","protected":false},"excerpt":{"rendered":"<p>[vc_row css_animation=&#8221;element_from_fade&#8221; row_type=&#8221;row&#8221; use_row_as_full_screen_section=&#8221;no&#8221; type=&#8221;grid&#8221; angled_section=&#8221;no&#8221; text_align=&#8221;left&#8221; background_image_as_pattern=&#8221;without_pattern&#8221; z_index=&#8221;&#8221; el_class=&#8221;row_sep_producto_first&#8221;][vc_column][vc_column_text el_class=&#8221;section_title_producto&#8221;] CONTROL VIBRADOR [\/vc_column_text][\/vc_column][\/vc_row][vc_row css_animation=&#8221;element_from_fade&#8221; row_type=&#8221;row&#8221; use_row_as_full_screen_section=&#8221;no&#8221; type=&#8221;grid&#8221; angled_section=&#8221;no&#8221; text_align=&#8221;left&#8221; background_image_as_pattern=&#8221;without_pattern&#8221; z_index=&#8221;&#8221; el_class=&#8221;row_sep_producto_last&#8221;][vc_column width=&#8221;2\/3&#8243;][vc_column_text]Circuit control de velocitat de vibrador mitjan\u00e7ant potenci\u00f2metre exterior o interior, regulaci\u00f3 per angle de fase. Depenent de el model, \u00e9s possible&#8230;<\/p>\n","protected":false},"author":2,"featured_media":0,"parent":0,"menu_order":0,"comment_status":"closed","ping_status":"closed","template":"full_width.php","meta":{"footnotes":""},"class_list":["post-399","page","type-page","status-publish","hentry"],"_links":{"self":[{"href":"https:\/\/www.basmel.es\/ca\/wp-json\/wp\/v2\/pages\/399","targetHints":{"allow":["GET"]}}],"collection":[{"href":"https:\/\/www.basmel.es\/ca\/wp-json\/wp\/v2\/pages"}],"about":[{"href":"https:\/\/www.basmel.es\/ca\/wp-json\/wp\/v2\/types\/page"}],"author":[{"embeddable":true,"href":"https:\/\/www.basmel.es\/ca\/wp-json\/wp\/v2\/users\/2"}],"replies":[{"embeddable":true,"href":"https:\/\/www.basmel.es\/ca\/wp-json\/wp\/v2\/comments?post=399"}],"version-history":[{"count":4,"href":"https:\/\/www.basmel.es\/ca\/wp-json\/wp\/v2\/pages\/399\/revisions"}],"predecessor-version":[{"id":680,"href":"https:\/\/www.basmel.es\/ca\/wp-json\/wp\/v2\/pages\/399\/revisions\/680"}],"wp:attachment":[{"href":"https:\/\/www.basmel.es\/ca\/wp-json\/wp\/v2\/media?parent=399"}],"curies":[{"name":"wp","href":"https:\/\/api.w.org\/{rel}","templated":true}]}}