{"id":415,"date":"2020-01-21T16:54:34","date_gmt":"2020-01-21T15:54:34","guid":{"rendered":"https:\/\/www.basmel.es\/?page_id=415"},"modified":"2020-06-23T13:59:44","modified_gmt":"2020-06-23T11:59:44","slug":"control-embragatge-fre","status":"publish","type":"page","link":"https:\/\/www.basmel.es\/ca\/control-embragatge-fre\/","title":{"rendered":"CONTROL EMBRAGATGE \/ FRE"},"content":{"rendered":"<div class=\"wpb-content-wrapper\"><p>[vc_row css_animation=&#8221;element_from_fade&#8221; row_type=&#8221;row&#8221; use_row_as_full_screen_section=&#8221;no&#8221; type=&#8221;grid&#8221; angled_section=&#8221;no&#8221; text_align=&#8221;left&#8221; background_image_as_pattern=&#8221;without_pattern&#8221; z_index=&#8221;&#8221; el_class=&#8221;row_sep_producto_first&#8221;][vc_column][vc_column_text el_class=&#8221;section_title_producto&#8221;]<\/p>\n<h1 class=\"p1\"><span class=\"s1\">CONTROL EMBRAGATGE \/ FRE<\/span><\/h1>\n<h4 class=\"p1\"><\/h4>\n<p>[\/vc_column_text][\/vc_column][\/vc_row][vc_row css_animation=&#8221;element_from_fade&#8221; row_type=&#8221;row&#8221; use_row_as_full_screen_section=&#8221;no&#8221; type=&#8221;grid&#8221; angled_section=&#8221;no&#8221; text_align=&#8221;left&#8221; background_image_as_pattern=&#8221;without_pattern&#8221; z_index=&#8221;&#8221; el_class=&#8221;row_sep_producto_last&#8221;][vc_column width=&#8221;2\/3&#8243;][vc_column_text]<\/p>\n<p>Entrades de control &#8220;ON&#8221; (LEVA) i &#8220;OFF&#8221; (fotoc\u00e8l\u00b7lula) optoacoplades, lliures de potencial, de manera que es poden activar amb sortides NPN o PNP de 24 Vcc +\/- 40%<\/p>\n<p>Alimentaci\u00f3 de 24Vca o 24Vcc, sortides per embragatge i fre de 24Vcc.<\/p>\n<p>Circuit controlat per microprocessador, amb regleta endollable i suport per a muntatge en carril DIN<\/p>\n<p><strong>CONTROL FRE SOBREALIMENTAT<\/strong><\/p>\n<p>Control de Electroimant sobrealimentat<\/p>\n<p>Entradas de control &#8220;ON&#8221; (LEVA) i &#8220;OFF&#8221; (fotoc\u00e8l\u00b7lula) optoacoplades, lliures de potencial, de manera que es poden activar amb sortides NPN o PNP de 24 Vcc +\/- 40%<\/p>\n<p>Alimentaci\u00f3 de 220Vca, sortida per electroimant de 24Vcc amb impuls de sobrealimentaci\u00f3 per resposta r\u00e0pida.<\/p>\n<p>Quan hi ha senyal de LEVA i arriba senyal de fotoc\u00e8l\u00b7lula, actua l&#8217;electroimant de el fre i es mant\u00e9 fins que es desconnecta el senyal de LEVA.<\/p>\n<p>Cal afegir condensador electrol\u00edtic sense polaritat de 250 V CA de capacitat dependent de l&#8217;consum de l&#8217;electroimant, es considera 0,6 uF \/ W, sent la capacitat normal de 16u \/ F.<\/p>\n<p>Circuit controlat per microprocessador, regleta endollable, suport per a muntatge en carril DIN i tapa de protecci\u00f3.<\/p>\n<p>[\/vc_column_text][vc_separator type=&#8221;transparent&#8221; up=&#8221;30&#8243;][\/vc_column][vc_column width=&#8221;1\/3&#8243;][vc_row_inner row_type=&#8221;row&#8221; type=&#8221;full_width&#8221; text_align=&#8221;left&#8221; css_animation=&#8221;&#8221;][vc_column_inner width=&#8221;1\/2&#8243;][vc_single_image image=&#8221;420&#8243; img_size=&#8221;full&#8221; onclick=&#8221;link_image&#8221; qode_css_animation=&#8221;&#8221;][\/vc_column_inner][vc_column_inner width=&#8221;1\/2&#8243;][vc_single_image image=&#8221;423&#8243; img_size=&#8221;full&#8221; onclick=&#8221;link_image&#8221; qode_css_animation=&#8221;&#8221;][\/vc_column_inner][\/vc_row_inner][vc_separator type=&#8221;transparent&#8221; up=&#8221;30&#8243;][vc_single_image image=&#8221;430&#8243; img_size=&#8221;full&#8221; onclick=&#8221;link_image&#8221; qode_css_animation=&#8221;&#8221;][vc_separator type=&#8221;transparent&#8221; up=&#8221;30&#8243;][vc_single_image image=&#8221;433&#8243; img_size=&#8221;full&#8221; onclick=&#8221;link_image&#8221; qode_css_animation=&#8221;&#8221;][\/vc_column][\/vc_row][vc_row css_animation=&#8221;element_from_fade&#8221; row_type=&#8221;row&#8221; use_row_as_full_screen_section=&#8221;no&#8221; type=&#8221;grid&#8221; angled_section=&#8221;no&#8221; text_align=&#8221;left&#8221; background_image_as_pattern=&#8221;without_pattern&#8221; el_class=&#8221;row_mas_info&#8221; z_index=&#8221;&#8221;][vc_column][vc_column_text]<\/p>\n<p class=\"p1\"><span class=\"s1\">Si desitja m\u00e9s informaci\u00f3, <\/span><a href=\"https:\/\/www.basmel.es\/ca\/contacte\/\"><span class=\"s2\">contacti amb nosaltres<\/span><\/a><\/p>\n<p>[\/vc_column_text][\/vc_column][\/vc_row]<\/p>\n<\/div>","protected":false},"excerpt":{"rendered":"<p>[vc_row css_animation=&#8221;element_from_fade&#8221; row_type=&#8221;row&#8221; use_row_as_full_screen_section=&#8221;no&#8221; type=&#8221;grid&#8221; angled_section=&#8221;no&#8221; text_align=&#8221;left&#8221; background_image_as_pattern=&#8221;without_pattern&#8221; z_index=&#8221;&#8221; el_class=&#8221;row_sep_producto_first&#8221;][vc_column][vc_column_text el_class=&#8221;section_title_producto&#8221;] CONTROL EMBRAGATGE \/ FRE [\/vc_column_text][\/vc_column][\/vc_row][vc_row css_animation=&#8221;element_from_fade&#8221; row_type=&#8221;row&#8221; use_row_as_full_screen_section=&#8221;no&#8221; type=&#8221;grid&#8221; angled_section=&#8221;no&#8221; text_align=&#8221;left&#8221; background_image_as_pattern=&#8221;without_pattern&#8221; z_index=&#8221;&#8221; el_class=&#8221;row_sep_producto_last&#8221;][vc_column width=&#8221;2\/3&#8243;][vc_column_text] Entrades de control &#8220;ON&#8221; (LEVA) i &#8220;OFF&#8221; (fotoc\u00e8l\u00b7lula) optoacoplades, lliures de potencial, de manera que es poden activar amb&#8230;<\/p>\n","protected":false},"author":2,"featured_media":0,"parent":0,"menu_order":0,"comment_status":"closed","ping_status":"closed","template":"full_width.php","meta":{"footnotes":""},"class_list":["post-415","page","type-page","status-publish","hentry"],"_links":{"self":[{"href":"https:\/\/www.basmel.es\/ca\/wp-json\/wp\/v2\/pages\/415","targetHints":{"allow":["GET"]}}],"collection":[{"href":"https:\/\/www.basmel.es\/ca\/wp-json\/wp\/v2\/pages"}],"about":[{"href":"https:\/\/www.basmel.es\/ca\/wp-json\/wp\/v2\/types\/page"}],"author":[{"embeddable":true,"href":"https:\/\/www.basmel.es\/ca\/wp-json\/wp\/v2\/users\/2"}],"replies":[{"embeddable":true,"href":"https:\/\/www.basmel.es\/ca\/wp-json\/wp\/v2\/comments?post=415"}],"version-history":[{"count":4,"href":"https:\/\/www.basmel.es\/ca\/wp-json\/wp\/v2\/pages\/415\/revisions"}],"predecessor-version":[{"id":684,"href":"https:\/\/www.basmel.es\/ca\/wp-json\/wp\/v2\/pages\/415\/revisions\/684"}],"wp:attachment":[{"href":"https:\/\/www.basmel.es\/ca\/wp-json\/wp\/v2\/media?parent=415"}],"curies":[{"name":"wp","href":"https:\/\/api.w.org\/{rel}","templated":true}]}}